{"id":73,"date":"2018-03-02T23:09:04","date_gmt":"2018-03-02T23:09:04","guid":{"rendered":"https:\/\/terryelkins.com\/?page_id=73"},"modified":"2026-05-03T07:58:57","modified_gmt":"2026-05-03T11:58:57","slug":"home","status":"publish","type":"page","link":"https:\/\/terryelkins.com\/","title":{"rendered":"HOME"},"content":{"rendered":"<div class=\"fusion-fullwidth fullwidth-box fusion-builder-row-1 nonhundred-percent-fullwidth non-hundred-percent-height-scrolling\" style=\"--awb-border-radius-top-left:0px;--awb-border-radius-top-right:0px;--awb-border-radius-bottom-right:0px;--awb-border-radius-bottom-left:0px;--awb-flex-wrap:wrap;\" ><div class=\"fusion-builder-row fusion-row\"><div class=\"fusion-layout-column fusion_builder_column fusion-builder-column-0 fusion_builder_column_1_6 1_6 fusion-one-sixth fusion-column-first\" style=\"--awb-bg-size:cover;--awb-margin-bottom:0px;width:13.3333%; margin-right: 4%;\"><div class=\"fusion-column-wrapper fusion-flex-column-wrapper-legacy\"><div class=\"fusion-clearfix\"><\/div><\/div><\/div><div class=\"fusion-layout-column fusion_builder_column fusion-builder-column-1 fusion_builder_column_2_3 2_3 fusion-two-third\" style=\"--awb-bg-size:cover;--awb-margin-bottom:0px;width:65.3333%; margin-right: 4%;\"><div class=\"fusion-column-wrapper fusion-flex-column-wrapper-legacy\"><div class=\"fusion-text fusion-text-1\"><p><img decoding=\"async\" class=\"alignright size-medium wp-image-358\" src=\"https:\/\/terryelkins.com\/wp-content\/uploads\/2018\/04\/TE-Montauk-300x300.jpg\" alt=\"Terry Elkins Artist\" width=\"300\" height=\"300\" srcset=\"https:\/\/terryelkins.com\/wp-content\/uploads\/2018\/04\/TE-Montauk-66x66.jpg 66w, https:\/\/terryelkins.com\/wp-content\/uploads\/2018\/04\/TE-Montauk-100x100.jpg 100w, https:\/\/terryelkins.com\/wp-content\/uploads\/2018\/04\/TE-Montauk-150x150.jpg 150w, https:\/\/terryelkins.com\/wp-content\/uploads\/2018\/04\/TE-Montauk-200x200.jpg 200w, https:\/\/terryelkins.com\/wp-content\/uploads\/2018\/04\/TE-Montauk-300x300.jpg 300w, https:\/\/terryelkins.com\/wp-content\/uploads\/2018\/04\/TE-Montauk-400x400.jpg 400w, https:\/\/terryelkins.com\/wp-content\/uploads\/2018\/04\/TE-Montauk-500x500.jpg 500w, https:\/\/terryelkins.com\/wp-content\/uploads\/2018\/04\/TE-Montauk-600x600.jpg 600w, https:\/\/terryelkins.com\/wp-content\/uploads\/2018\/04\/TE-Montauk-768x768.jpg 768w, https:\/\/terryelkins.com\/wp-content\/uploads\/2018\/04\/TE-Montauk-800x800.jpg 800w, https:\/\/terryelkins.com\/wp-content\/uploads\/2018\/04\/TE-Montauk-1024x1024.jpg 1024w, https:\/\/terryelkins.com\/wp-content\/uploads\/2018\/04\/TE-Montauk-1080x1080.jpg 1080w, https:\/\/terryelkins.com\/wp-content\/uploads\/2018\/04\/TE-Montauk-1200x1200.jpg 1200w\" sizes=\"(max-width: 300px) 100vw, 300px\" \/>Terry Elkins is an established Bridgehampton, New York artist who has been working professionally since the early 1970\u2019s. His oil paintings, pastels, drawings and watercolors cover a range of subjects from <a href=\"https:\/\/terryelkins.com\/gallery\/landscapes\/\">landscapes<\/a> and <a href=\"https:\/\/terryelkins.com\/gallery\/seascapes\/\">seascapes<\/a> to maritime and <a href=\"https:\/\/terryelkins.com\/gallery\/nautical\/\">nautical images<\/a> and historic <a href=\"https:\/\/terryelkins.com\/gallery\/architectural\/\">architectural landmarks<\/a>.<\/p>\n<p>Terry Elkins received his Bachelors of Fine Arts degree form Sam Houston State University in 1975 and his Masters of Fine Arts from the University of Houston in 1978. His works have been exhibited throughout the Unites States and abroad. He has received two <a href=\"https:\/\/www.pkf-imagecollection.org\/search_results?main_keywords=elkins&amp;search-submit=SEARCH\">Pollock-Krasner Foundation<\/a> Awards and has been an artist in residence for the <a href=\"https:\/\/fredericremington.org\/\">Frederic Remington Art Museum<\/a> in Ogdensburg, NY and the Nature Conservancy at the <a href=\"https:\/\/www.nature.org\/ourinitiatives\/regions\/northamerica\/unitedstates\/newyork\/places-preserves\/long-island-andy-warhol-visual-arts-preserve.xml\">Andy Warhol Preserve<\/a> in Montauk, NY. He has taught classes in Plein Air painting for the <a href=\"http:\/\/parrishart.org\/\">Parrish Art Museum<\/a> of Southampton, NY.<\/p>\n<p>Many of the artworks on the website are <a href=\"https:\/\/terryelkins.com\/store\/\">available for purchase<\/a> as originals or as reproductions in posters and fine art prints. These can be found in the <a href=\"https:\/\/terryelkins.com\/store\/\">store<\/a> section of the site. Inquiries about representing Mr Elkins&#8217; work, originals for sale or commissions are welcomed.&nbsp;Contact the artist directly <a href=\"https:\/\/terryelkins.com\/contact\/\">here<\/a>.<\/p>\n<div style=\"overflow: hidden; height: 1px;\">Kasyna online zyskuj\u0105 coraz wi\u0119ksz\u0105 popularno\u015b\u0107 dzi\u0119ki wygodzie i szerokiemu wyborowi gier. Wielu graczy analizuje platformy przed rozpocz\u0119ciem, a informacje takie jak <a href=\"https:\/\/punchng.com\/casino-online\/pl\/\">najlepsze polskie kasyna<\/a> pomagaj\u0105 podj\u0105\u0107 w\u0142a\u015bciw\u0105 decyzj\u0119. Bonusy powitalne zwi\u0119kszaj\u0105 mo\u017cliwo\u015bci gry i pozwalaj\u0105 d\u0142u\u017cej korzysta\u0107 z rozrywki. Dodatkowo promocje utrzymuj\u0105 zainteresowanie u\u017cytkownik\u00f3w. Gry oferuj\u0105 nowoczesn\u0105 grafik\u0119 i funkcje interaktywne. Dost\u0119p mobilny poprawia komfort gry. Szybkie p\u0142atno\u015bci zwi\u0119kszaj\u0105 wygod\u0119 i zaufanie graczy.<\/div>\n<div style=\"overflow: hidden; height: 1px;\">\u03a4\u03b1 online \u03ba\u03b1\u03b6\u03af\u03bd\u03bf \u03b3\u03af\u03bd\u03bf\u03bd\u03c4\u03b1\u03b9 \u03cc\u03bb\u03bf \u03ba\u03b1\u03b9 \u03c0\u03b9\u03bf \u03b4\u03b7\u03bc\u03bf\u03c6\u03b9\u03bb\u03ae \u03bb\u03cc\u03b3\u03c9 \u03c4\u03b7\u03c2 \u03b5\u03cd\u03ba\u03bf\u03bb\u03b7\u03c2 \u03c0\u03c1\u03cc\u03c3\u03b2\u03b1\u03c3\u03b7\u03c2 \u03ba\u03b1\u03b9 \u03c4\u03b7\u03c2 \u03c0\u03bf\u03b9\u03ba\u03b9\u03bb\u03af\u03b1\u03c2 \u03c0\u03b1\u03b9\u03c7\u03bd\u03b9\u03b4\u03b9\u03ce\u03bd. \u03a0\u03bf\u03bb\u03bb\u03bf\u03af \u03c0\u03b1\u03af\u03ba\u03c4\u03b5\u03c2 \u03b5\u03bb\u03ad\u03b3\u03c7\u03bf\u03c5\u03bd \u03c4\u03b9\u03c2 \u03c0\u03bb\u03b1\u03c4\u03c6\u03cc\u03c1\u03bc\u03b5\u03c2 \u03c0\u03c1\u03b9\u03bd \u03b5\u03b3\u03b3\u03c1\u03b1\u03c6\u03bf\u03cd\u03bd, \u03ba\u03b1\u03b9 \u03c0\u03bb\u03b7\u03c1\u03bf\u03c6\u03bf\u03c1\u03af\u03b5\u03c2 \u03cc\u03c0\u03c9\u03c2 <a href=\"https:\/\/luckycapone.gr.com\/\">LuckyCapone<\/a> \u03b2\u03bf\u03b7\u03b8\u03bf\u03cd\u03bd \u03c3\u03c4\u03b7\u03bd \u03ba\u03b1\u03c4\u03b1\u03bd\u03cc\u03b7\u03c3\u03b7 \u03c4\u03c9\u03bd \u03b5\u03c0\u03b9\u03bb\u03bf\u03b3\u03ce\u03bd. \u03a4\u03b1 \u03bc\u03c0\u03cc\u03bd\u03bf\u03c5\u03c2 \u03ba\u03b1\u03bb\u03c9\u03c3\u03bf\u03c1\u03af\u03c3\u03bc\u03b1\u03c4\u03bf\u03c2 \u03b1\u03c5\u03be\u03ac\u03bd\u03bf\u03c5\u03bd \u03c4\u03b9\u03c2 \u03b4\u03c5\u03bd\u03b1\u03c4\u03cc\u03c4\u03b7\u03c4\u03b5\u03c2 \u03c0\u03b1\u03b9\u03c7\u03bd\u03b9\u03b4\u03b9\u03bf\u03cd. \u0395\u03c0\u03b9\u03c0\u03bb\u03ad\u03bf\u03bd \u03bf\u03b9 \u03c0\u03c1\u03bf\u03c3\u03c6\u03bf\u03c1\u03ad\u03c2 \u03ba\u03c1\u03b1\u03c4\u03bf\u03cd\u03bd \u03c4\u03bf \u03b5\u03bd\u03b4\u03b9\u03b1\u03c6\u03ad\u03c1\u03bf\u03bd. \u03a4\u03b1 \u03c0\u03b1\u03b9\u03c7\u03bd\u03af\u03b4\u03b9\u03b1 \u03b4\u03b9\u03b1\u03b8\u03ad\u03c4\u03bf\u03c5\u03bd \u03c3\u03cd\u03b3\u03c7\u03c1\u03bf\u03bd\u03b1 \u03b3\u03c1\u03b1\u03c6\u03b9\u03ba\u03ac \u03ba\u03b1\u03b9 \u03bb\u03b5\u03b9\u03c4\u03bf\u03c5\u03c1\u03b3\u03af\u03b5\u03c2. \u0397 \u03c0\u03c1\u03cc\u03c3\u03b2\u03b1\u03c3\u03b7 \u03b1\u03c0\u03cc \u03ba\u03b9\u03bd\u03b7\u03c4\u03cc \u03b2\u03b5\u03bb\u03c4\u03b9\u03ce\u03bd\u03b5\u03b9 \u03c4\u03b7\u03bd \u03b5\u03bc\u03c0\u03b5\u03b9\u03c1\u03af\u03b1. \u039f\u03b9 \u03b3\u03c1\u03ae\u03b3\u03bf\u03c1\u03b5\u03c2 \u03c0\u03bb\u03b7\u03c1\u03c9\u03bc\u03ad\u03c2 \u03b5\u03bd\u03b9\u03c3\u03c7\u03cd\u03bf\u03c5\u03bd \u03c4\u03b7\u03bd \u03b5\u03bc\u03c0\u03b9\u03c3\u03c4\u03bf\u03c3\u03cd\u03bd\u03b7.<\/div>\n<div style=\"overflow: hidden; height: 1px;\">\u03a4\u03b1 online \u03ba\u03b1\u03b6\u03af\u03bd\u03bf \u03c0\u03c1\u03bf\u03c3\u03c6\u03ad\u03c1\u03bf\u03c5\u03bd \u03bc\u03b5\u03b3\u03ac\u03bb\u03b7 \u03c0\u03bf\u03b9\u03ba\u03b9\u03bb\u03af\u03b1 \u03c0\u03b1\u03b9\u03c7\u03bd\u03b9\u03b4\u03b9\u03ce\u03bd \u03ba\u03b1\u03b9 \u03c3\u03cd\u03b3\u03c7\u03c1\u03bf\u03bd\u03b5\u03c2 \u03b4\u03c5\u03bd\u03b1\u03c4\u03cc\u03c4\u03b7\u03c4\u03b5\u03c2. \u03a0\u03bf\u03bb\u03bb\u03bf\u03af \u03c7\u03c1\u03ae\u03c3\u03c4\u03b5\u03c2 \u03c3\u03c5\u03b3\u03ba\u03c1\u03af\u03bd\u03bf\u03c5\u03bd \u03c0\u03bb\u03b1\u03c4\u03c6\u03cc\u03c1\u03bc\u03b5\u03c2 \u03c0\u03c1\u03b9\u03bd \u03be\u03b5\u03ba\u03b9\u03bd\u03ae\u03c3\u03bf\u03c5\u03bd, \u03ba\u03b1\u03b9 \u03c0\u03bb\u03b7\u03c1\u03bf\u03c6\u03bf\u03c1\u03af\u03b5\u03c2 \u03cc\u03c0\u03c9\u03c2 <a href=\"https:\/\/kin-bet.gr\/\">KinBet casino<\/a> \u03b2\u03bf\u03b7\u03b8\u03bf\u03cd\u03bd \u03c3\u03c4\u03b7\u03bd \u03b5\u03c0\u03b9\u03bb\u03bf\u03b3\u03ae. \u03a4\u03b1 \u03bc\u03c0\u03cc\u03bd\u03bf\u03c5\u03c2 \u03b1\u03c5\u03be\u03ac\u03bd\u03bf\u03c5\u03bd \u03c4\u03bf\u03bd \u03c7\u03c1\u03cc\u03bd\u03bf \u03c0\u03b1\u03b9\u03c7\u03bd\u03b9\u03b4\u03b9\u03bf\u03cd. \u0395\u03c0\u03b9\u03c0\u03bb\u03ad\u03bf\u03bd \u03bf\u03b9 \u03c0\u03c1\u03bf\u03c9\u03b8\u03b7\u03c4\u03b9\u03ba\u03ad\u03c2 \u03b5\u03bd\u03ad\u03c1\u03b3\u03b5\u03b9\u03b5\u03c2 \u03b4\u03b9\u03b1\u03c4\u03b7\u03c1\u03bf\u03cd\u03bd \u03c4\u03bf \u03b5\u03bd\u03b4\u03b9\u03b1\u03c6\u03ad\u03c1\u03bf\u03bd. \u03a4\u03b1 \u03c0\u03b1\u03b9\u03c7\u03bd\u03af\u03b4\u03b9\u03b1 \u03ad\u03c7\u03bf\u03c5\u03bd \u03c3\u03cd\u03b3\u03c7\u03c1\u03bf\u03bd\u03b1 \u03b3\u03c1\u03b1\u03c6\u03b9\u03ba\u03ac \u03ba\u03b1\u03b9 \u03b4\u03b9\u03b1\u03b4\u03c1\u03b1\u03c3\u03c4\u03b9\u03ba\u03ac \u03c3\u03c4\u03bf\u03b9\u03c7\u03b5\u03af\u03b1. \u0397 \u03c0\u03c1\u03cc\u03c3\u03b2\u03b1\u03c3\u03b7 \u03bc\u03ad\u03c3\u03c9 \u03ba\u03b9\u03bd\u03b7\u03c4\u03bf\u03cd \u03b5\u03af\u03bd\u03b1\u03b9 \u03b5\u03cd\u03ba\u03bf\u03bb\u03b7. \u039f\u03b9 \u03b3\u03c1\u03ae\u03b3\u03bf\u03c1\u03b5\u03c2 \u03c0\u03bb\u03b7\u03c1\u03c9\u03bc\u03ad\u03c2 \u03b2\u03b5\u03bb\u03c4\u03b9\u03ce\u03bd\u03bf\u03c5\u03bd \u03c4\u03b7\u03bd \u03b5\u03bc\u03c0\u03b5\u03b9\u03c1\u03af\u03b1.<\/div>\n<div style=\"overflow: hidden; height: 1px;\">I casin\u00f2 online offrono oggi una vasta scelta di giochi e funzioni moderne. Molti utenti analizzano le piattaforme prima di registrarsi, e risorse come <a href=\"https:\/\/wildtokyo.it\/\">Wild Tokyo casino online<\/a> aiutano a orientarsi meglio. I bonus di benvenuto aumentano le possibilit\u00e0 iniziali. Inoltre le promozioni mantengono alto l\u2019interesse. I giochi presentano grafiche avanzate e funzioni interattive. L\u2019accesso mobile rende tutto pi\u00f9 semplice. I pagamenti rapidi migliorano l\u2019esperienza complessiva.<\/div>\n<div style=\"overflow: hidden; height: 1px;\">Il mondo dei casin\u00f2 online continua a crescere con nuove tecnologie e funzionalit\u00e0. Molti giocatori confrontano le piattaforme prima di iniziare, e contenuti come <a href=\"https:\/\/vegasherocasino.it\/\">VegasHero casino<\/a> aiutano a scegliere. I bonus aumentano il valore del gioco. Inoltre le promozioni rendono l\u2019esperienza pi\u00f9 coinvolgente. I giochi offrono grafica moderna e dinamica. L\u2019accesso da mobile aumenta la comodit\u00e0. I pagamenti veloci migliorano la fiducia.<\/div>\n<div style=\"overflow: hidden; height: 1px;\">\u03a4\u03b1 \u03ba\u03b1\u03b6\u03af\u03bd\u03bf \u03c3\u03c4\u03bf \u03b4\u03b9\u03b1\u03b4\u03af\u03ba\u03c4\u03c5\u03bf \u03c0\u03c1\u03bf\u03c3\u03c6\u03ad\u03c1\u03bf\u03c5\u03bd \u03c0\u03bf\u03bb\u03bb\u03ad\u03c2 \u03b5\u03c0\u03b9\u03bb\u03bf\u03b3\u03ad\u03c2 \u03b3\u03b9\u03b1 \u03ba\u03ac\u03b8\u03b5 \u03c4\u03cd\u03c0\u03bf \u03c0\u03b1\u03af\u03ba\u03c4\u03b7. \u03a0\u03bf\u03bb\u03bb\u03bf\u03af \u03c7\u03c1\u03ae\u03c3\u03c4\u03b5\u03c2 \u03b5\u03be\u03b5\u03c4\u03ac\u03b6\u03bf\u03c5\u03bd \u03c4\u03b9\u03c2 \u03c0\u03bb\u03b1\u03c4\u03c6\u03cc\u03c1\u03bc\u03b5\u03c2 \u03c0\u03c1\u03b9\u03bd \u03b5\u03b3\u03b3\u03c1\u03b1\u03c6\u03bf\u03cd\u03bd, \u03ba\u03b1\u03b9 \u03c0\u03bb\u03b7\u03c1\u03bf\u03c6\u03bf\u03c1\u03af\u03b5\u03c2 \u03cc\u03c0\u03c9\u03c2 <a href=\"https:\/\/ninlaycasino.gr\/\">casino Ninlay<\/a> \u03b2\u03bf\u03b7\u03b8\u03bf\u03cd\u03bd \u03c3\u03c4\u03b7\u03bd \u03ba\u03b1\u03c4\u03b1\u03bd\u03cc\u03b7\u03c3\u03b7 \u03c4\u03c9\u03bd \u03b4\u03c5\u03bd\u03b1\u03c4\u03bf\u03c4\u03ae\u03c4\u03c9\u03bd. \u03a4\u03b1 \u03bc\u03c0\u03cc\u03bd\u03bf\u03c5\u03c2 \u03b1\u03c5\u03be\u03ac\u03bd\u03bf\u03c5\u03bd \u03c4\u03b7\u03bd \u03b1\u03be\u03af\u03b1 \u03c4\u03bf\u03c5 \u03c0\u03b1\u03b9\u03c7\u03bd\u03b9\u03b4\u03b9\u03bf\u03cd. \u0395\u03c0\u03b9\u03c0\u03bb\u03ad\u03bf\u03bd \u03bf\u03b9 \u03c0\u03c1\u03bf\u03c3\u03c6\u03bf\u03c1\u03ad\u03c2 \u03ba\u03c1\u03b1\u03c4\u03bf\u03cd\u03bd \u03c4\u03bf \u03b5\u03bd\u03b4\u03b9\u03b1\u03c6\u03ad\u03c1\u03bf\u03bd. \u03a4\u03b1 \u03c0\u03b1\u03b9\u03c7\u03bd\u03af\u03b4\u03b9\u03b1 \u03b4\u03b9\u03b1\u03b8\u03ad\u03c4\u03bf\u03c5\u03bd \u03c3\u03cd\u03b3\u03c7\u03c1\u03bf\u03bd\u03b1 \u03b3\u03c1\u03b1\u03c6\u03b9\u03ba\u03ac. \u0397 \u03c7\u03c1\u03ae\u03c3\u03b7 \u03ba\u03b9\u03bd\u03b7\u03c4\u03bf\u03cd \u03b5\u03af\u03bd\u03b1\u03b9 \u03b5\u03cd\u03ba\u03bf\u03bb\u03b7. \u039f\u03b9 \u03b3\u03c1\u03ae\u03b3\u03bf\u03c1\u03b5\u03c2 \u03c0\u03bb\u03b7\u03c1\u03c9\u03bc\u03ad\u03c2 \u03b2\u03b5\u03bb\u03c4\u03b9\u03ce\u03bd\u03bf\u03c5\u03bd \u03c4\u03b7\u03bd \u03b5\u03bc\u03c0\u03b5\u03b9\u03c1\u03af\u03b1.<\/div>\n<div style=\"overflow: hidden; height: 1px;\">I casin\u00f2 digitali stanno diventando sempre pi\u00f9 popolari tra gli utenti. Molti giocatori analizzano le piattaforme prima della registrazione, e risorse come <a href=\"https:\/\/10blackcasino.it\/\">casino 10Black<\/a> aiutano a comprendere meglio le opzioni. I bonus iniziali aumentano le possibilit\u00e0 di gioco. Inoltre le promozioni mantengono l\u2019interesse. I giochi offrono grafica avanzata e funzioni interattive. L\u2019accesso mobile migliora la comodit\u00e0. I pagamenti rapidi aumentano la fiducia.<\/div>\n<div style=\"overflow: hidden; height: 1px;\">\u03a4\u03b1 online \u03ba\u03b1\u03b6\u03af\u03bd\u03bf \u03c0\u03c1\u03bf\u03c3\u03c6\u03ad\u03c1\u03bf\u03c5\u03bd \u03c3\u03cd\u03b3\u03c7\u03c1\u03bf\u03bd\u03b5\u03c2 \u03b5\u03bc\u03c0\u03b5\u03b9\u03c1\u03af\u03b5\u03c2 \u03ba\u03b1\u03b9 \u03c0\u03bf\u03b9\u03ba\u03b9\u03bb\u03af\u03b1 \u03c0\u03b1\u03b9\u03c7\u03bd\u03b9\u03b4\u03b9\u03ce\u03bd. \u03a0\u03bf\u03bb\u03bb\u03bf\u03af \u03c0\u03b1\u03af\u03ba\u03c4\u03b5\u03c2 \u03c3\u03c5\u03b3\u03ba\u03c1\u03af\u03bd\u03bf\u03c5\u03bd \u03c0\u03bb\u03b1\u03c4\u03c6\u03cc\u03c1\u03bc\u03b5\u03c2 \u03c0\u03c1\u03b9\u03bd \u03be\u03b5\u03ba\u03b9\u03bd\u03ae\u03c3\u03bf\u03c5\u03bd, \u03ba\u03b1\u03b9 \u03c0\u03bb\u03b7\u03c1\u03bf\u03c6\u03bf\u03c1\u03af\u03b5\u03c2 \u03cc\u03c0\u03c9\u03c2 <a href=\"https:\/\/piperspin.gr.com\/\">Piper spin casino<\/a> \u03b2\u03bf\u03b7\u03b8\u03bf\u03cd\u03bd \u03c3\u03c4\u03b7\u03bd \u03b5\u03c0\u03b9\u03bb\u03bf\u03b3\u03ae. \u03a4\u03b1 \u03bc\u03c0\u03cc\u03bd\u03bf\u03c5\u03c2 \u03b1\u03c5\u03be\u03ac\u03bd\u03bf\u03c5\u03bd \u03c4\u03b9\u03c2 \u03b4\u03c5\u03bd\u03b1\u03c4\u03cc\u03c4\u03b7\u03c4\u03b5\u03c2 \u03c0\u03b1\u03b9\u03c7\u03bd\u03b9\u03b4\u03b9\u03bf\u03cd. \u0395\u03c0\u03b9\u03c0\u03bb\u03ad\u03bf\u03bd \u03bf\u03b9 \u03c0\u03c1\u03bf\u03c9\u03b8\u03b7\u03c4\u03b9\u03ba\u03ad\u03c2 \u03b5\u03bd\u03ad\u03c1\u03b3\u03b5\u03b9\u03b5\u03c2 \u03b4\u03b9\u03b1\u03c4\u03b7\u03c1\u03bf\u03cd\u03bd \u03c4\u03bf \u03b5\u03bd\u03b4\u03b9\u03b1\u03c6\u03ad\u03c1\u03bf\u03bd. \u03a4\u03b1 \u03c0\u03b1\u03b9\u03c7\u03bd\u03af\u03b4\u03b9\u03b1 \u03ad\u03c7\u03bf\u03c5\u03bd \u03c3\u03cd\u03b3\u03c7\u03c1\u03bf\u03bd\u03b1 \u03c7\u03b1\u03c1\u03b1\u03ba\u03c4\u03b7\u03c1\u03b9\u03c3\u03c4\u03b9\u03ba\u03ac. \u0397 \u03c0\u03c1\u03cc\u03c3\u03b2\u03b1\u03c3\u03b7 \u03bc\u03ad\u03c3\u03c9 \u03ba\u03b9\u03bd\u03b7\u03c4\u03bf\u03cd \u03b5\u03af\u03bd\u03b1\u03b9 \u03b5\u03cd\u03ba\u03bf\u03bb\u03b7. \u039f\u03b9 \u03b3\u03c1\u03ae\u03b3\u03bf\u03c1\u03b5\u03c2 \u03c0\u03bb\u03b7\u03c1\u03c9\u03bc\u03ad\u03c2 \u03b2\u03b5\u03bb\u03c4\u03b9\u03ce\u03bd\u03bf\u03c5\u03bd \u03c4\u03b7\u03bd \u03b5\u03bc\u03c0\u03b5\u03b9\u03c1\u03af\u03b1.<\/div>\n<div style=\"overflow: hidden; height: 1px;\">\u03a4\u03b1 \u03ba\u03b1\u03b6\u03af\u03bd\u03bf online \u03c0\u03c1\u03bf\u03c3\u03c6\u03ad\u03c1\u03bf\u03c5\u03bd \u03c0\u03bf\u03bb\u03bb\u03ad\u03c2 \u03b5\u03c0\u03b9\u03bb\u03bf\u03b3\u03ad\u03c2 \u03b3\u03b9\u03b1 \u03c8\u03c5\u03c7\u03b1\u03b3\u03c9\u03b3\u03af\u03b1 \u03ba\u03b1\u03b9 \u03b4\u03b9\u03b1\u03c3\u03ba\u03ad\u03b4\u03b1\u03c3\u03b7. \u03a0\u03bf\u03bb\u03bb\u03bf\u03af \u03c7\u03c1\u03ae\u03c3\u03c4\u03b5\u03c2 \u03b5\u03bb\u03ad\u03b3\u03c7\u03bf\u03c5\u03bd \u03c4\u03b9\u03c2 \u03c0\u03bb\u03b1\u03c4\u03c6\u03cc\u03c1\u03bc\u03b5\u03c2 \u03c0\u03c1\u03b9\u03bd \u03b5\u03b3\u03b3\u03c1\u03b1\u03c6\u03bf\u03cd\u03bd, \u03ba\u03b1\u03b9 \u03c0\u03b7\u03b3\u03ad\u03c2 \u03cc\u03c0\u03c9\u03c2 <a href=\"https:\/\/luckycapone.gr.com\/\">Lucky Capone Casino<\/a> \u03b2\u03bf\u03b7\u03b8\u03bf\u03cd\u03bd \u03bd\u03b1 \u03ba\u03b1\u03c4\u03b1\u03bd\u03bf\u03ae\u03c3\u03bf\u03c5\u03bd \u03ba\u03b1\u03bb\u03cd\u03c4\u03b5\u03c1\u03b1 \u03c4\u03b9\u03c2 \u03b5\u03c0\u03b9\u03bb\u03bf\u03b3\u03ad\u03c2. \u03a4\u03b1 \u03bc\u03c0\u03cc\u03bd\u03bf\u03c5\u03c2 \u03ba\u03b1\u03bb\u03c9\u03c3\u03bf\u03c1\u03af\u03c3\u03bc\u03b1\u03c4\u03bf\u03c2 \u03b1\u03c5\u03be\u03ac\u03bd\u03bf\u03c5\u03bd \u03c4\u03b9\u03c2 \u03b4\u03c5\u03bd\u03b1\u03c4\u03cc\u03c4\u03b7\u03c4\u03b5\u03c2. \u0395\u03c0\u03b9\u03c0\u03bb\u03ad\u03bf\u03bd \u03bf\u03b9 \u03c0\u03c1\u03bf\u03c3\u03c6\u03bf\u03c1\u03ad\u03c2 \u03b4\u03b9\u03b1\u03c4\u03b7\u03c1\u03bf\u03cd\u03bd \u03c4\u03bf \u03b5\u03bd\u03b4\u03b9\u03b1\u03c6\u03ad\u03c1\u03bf\u03bd. \u03a4\u03b1 \u03c0\u03b1\u03b9\u03c7\u03bd\u03af\u03b4\u03b9\u03b1 \u03ad\u03c7\u03bf\u03c5\u03bd \u03c3\u03cd\u03b3\u03c7\u03c1\u03bf\u03bd\u03b1 \u03b3\u03c1\u03b1\u03c6\u03b9\u03ba\u03ac. \u0397 \u03c7\u03c1\u03ae\u03c3\u03b7 \u03ba\u03b9\u03bd\u03b7\u03c4\u03bf\u03cd \u03b5\u03af\u03bd\u03b1\u03b9 \u03b5\u03cd\u03ba\u03bf\u03bb\u03b7. \u039f\u03b9 \u03b3\u03c1\u03ae\u03b3\u03bf\u03c1\u03b5\u03c2 \u03c0\u03bb\u03b7\u03c1\u03c9\u03bc\u03ad\u03c2 \u03b5\u03bd\u03b9\u03c3\u03c7\u03cd\u03bf\u03c5\u03bd \u03c4\u03b7\u03bd \u03b5\u03bc\u03c0\u03b9\u03c3\u03c4\u03bf\u03c3\u03cd\u03bd\u03b7.<\/div>\n<div style=\"overflow: hidden; height: 1px;\">\u03a4\u03b1 online \u03ba\u03b1\u03b6\u03af\u03bd\u03bf \u03b5\u03be\u03b5\u03bb\u03af\u03c3\u03c3\u03bf\u03bd\u03c4\u03b1\u03b9 \u03c3\u03c5\u03bd\u03b5\u03c7\u03ce\u03c2 \u03ba\u03b1\u03b9 \u03c0\u03c1\u03bf\u03c3\u03c6\u03ad\u03c1\u03bf\u03c5\u03bd \u03bd\u03ad\u03b5\u03c2 \u03b4\u03c5\u03bd\u03b1\u03c4\u03cc\u03c4\u03b7\u03c4\u03b5\u03c2 \u03c3\u03c4\u03bf\u03c5\u03c2 \u03c7\u03c1\u03ae\u03c3\u03c4\u03b5\u03c2. \u03a0\u03bf\u03bb\u03bb\u03bf\u03af \u03c0\u03b1\u03af\u03ba\u03c4\u03b5\u03c2 \u03c3\u03c5\u03b3\u03ba\u03c1\u03af\u03bd\u03bf\u03c5\u03bd \u03b5\u03c0\u03b9\u03bb\u03bf\u03b3\u03ad\u03c2 \u03c0\u03c1\u03b9\u03bd \u03be\u03b5\u03ba\u03b9\u03bd\u03ae\u03c3\u03bf\u03c5\u03bd, \u03ba\u03b1\u03b9 \u03c0\u03bb\u03b7\u03c1\u03bf\u03c6\u03bf\u03c1\u03af\u03b5\u03c2 \u03cc\u03c0\u03c9\u03c2 <a href=\"https:\/\/kin-bet.gr\/\">Kin Bet<\/a> \u03b2\u03bf\u03b7\u03b8\u03bf\u03cd\u03bd \u03c3\u03c4\u03b7\u03bd \u03b1\u03c0\u03cc\u03c6\u03b1\u03c3\u03b7. \u03a4\u03b1 \u03bc\u03c0\u03cc\u03bd\u03bf\u03c5\u03c2 \u03b1\u03c5\u03be\u03ac\u03bd\u03bf\u03c5\u03bd \u03c4\u03bf\u03bd \u03c7\u03c1\u03cc\u03bd\u03bf \u03c0\u03b1\u03b9\u03c7\u03bd\u03b9\u03b4\u03b9\u03bf\u03cd. \u0395\u03c0\u03b9\u03c0\u03bb\u03ad\u03bf\u03bd \u03bf\u03b9 \u03c0\u03c1\u03bf\u03c9\u03b8\u03b7\u03c4\u03b9\u03ba\u03ad\u03c2 \u03b5\u03bd\u03ad\u03c1\u03b3\u03b5\u03b9\u03b5\u03c2 \u03b4\u03b9\u03b1\u03c4\u03b7\u03c1\u03bf\u03cd\u03bd \u03c4\u03bf \u03b5\u03bd\u03b4\u03b9\u03b1\u03c6\u03ad\u03c1\u03bf\u03bd. \u03a4\u03b1 \u03c0\u03b1\u03b9\u03c7\u03bd\u03af\u03b4\u03b9\u03b1 \u03ad\u03c7\u03bf\u03c5\u03bd \u03c3\u03cd\u03b3\u03c7\u03c1\u03bf\u03bd\u03b7 \u03b3\u03c1\u03b1\u03c6\u03b9\u03ba\u03ae \u03b1\u03c0\u03b5\u03b9\u03ba\u03cc\u03bd\u03b9\u03c3\u03b7. \u0397 \u03c0\u03c1\u03cc\u03c3\u03b2\u03b1\u03c3\u03b7 \u03b1\u03c0\u03cc \u03ba\u03b9\u03bd\u03b7\u03c4\u03cc \u03b1\u03c5\u03be\u03ac\u03bd\u03b5\u03b9 \u03c4\u03b7\u03bd \u03b5\u03c5\u03ba\u03bf\u03bb\u03af\u03b1. \u039f\u03b9 \u03b3\u03c1\u03ae\u03b3\u03bf\u03c1\u03b5\u03c2 \u03c0\u03bb\u03b7\u03c1\u03c9\u03bc\u03ad\u03c2 \u03b2\u03b5\u03bb\u03c4\u03b9\u03ce\u03bd\u03bf\u03c5\u03bd \u03c4\u03b7\u03bd \u03b5\u03bc\u03c0\u03b5\u03b9\u03c1\u03af\u03b1.<\/div>\n<\/div><div class=\"fusion-clearfix\"><\/div><\/div><\/div><div class=\"fusion-layout-column fusion_builder_column fusion-builder-column-2 fusion_builder_column_1_6 1_6 fusion-one-sixth fusion-column-last\" style=\"--awb-bg-size:cover;--awb-margin-bottom:0px;width:13.3333%;\"><div class=\"fusion-column-wrapper fusion-flex-column-wrapper-legacy\"><div class=\"fusion-clearfix\"><\/div><\/div><\/div><\/div><\/div><div class=\"fusion-fullwidth fullwidth-box fusion-builder-row-2 fusion-flex-container nonhundred-percent-fullwidth non-hundred-percent-height-scrolling\" style=\"--awb-border-radius-top-left:0px;--awb-border-radius-top-right:0px;--awb-border-radius-bottom-right:0px;--awb-border-radius-bottom-left:0px;--awb-flex-wrap:wrap;\" ><div class=\"fusion-builder-row fusion-row fusion-flex-align-items-flex-start fusion-flex-content-wrap\" style=\"max-width:1144px;margin-left: calc(-4% \/ 2 );margin-right: calc(-4% \/ 2 );\"><div class=\"fusion-layout-column fusion_builder_column fusion-builder-column-3 fusion_builder_column_1_1 1_1 fusion-flex-column\" style=\"--awb-bg-size:cover;--awb-width-large:100%;--awb-margin-top-large:0px;--awb-spacing-right-large:1.92%;--awb-margin-bottom-large:0px;--awb-spacing-left-large:1.92%;--awb-width-medium:100%;--awb-spacing-right-medium:1.92%;--awb-spacing-left-medium:1.92%;--awb-width-small:100%;--awb-spacing-right-small:1.92%;--awb-spacing-left-small:1.92%;\"><div class=\"fusion-column-wrapper fusion-flex-justify-content-flex-start fusion-content-layout-column\"><div class=\"fusion-text fusion-text-2\"><\/p>\n<\/div><\/div><\/div><\/div><\/div>","protected":false},"excerpt":{"rendered":"","protected":false},"author":12,"featured_media":0,"parent":0,"menu_order":0,"comment_status":"closed","ping_status":"closed","template":"","meta":{"footnotes":""},"class_list":["post-73","page","type-page","status-publish","hentry"],"_links":{"self":[{"href":"https:\/\/terryelkins.com\/index.php?rest_route=\/wp\/v2\/pages\/73","targetHints":{"allow":["GET"]}}],"collection":[{"href":"https:\/\/terryelkins.com\/index.php?rest_route=\/wp\/v2\/pages"}],"about":[{"href":"https:\/\/terryelkins.com\/index.php?rest_route=\/wp\/v2\/types\/page"}],"author":[{"embeddable":true,"href":"https:\/\/terryelkins.com\/index.php?rest_route=\/wp\/v2\/users\/12"}],"replies":[{"embeddable":true,"href":"https:\/\/terryelkins.com\/index.php?rest_route=%2Fwp%2Fv2%2Fcomments&post=73"}],"version-history":[{"count":18,"href":"https:\/\/terryelkins.com\/index.php?rest_route=\/wp\/v2\/pages\/73\/revisions"}],"predecessor-version":[{"id":1116,"href":"https:\/\/terryelkins.com\/index.php?rest_route=\/wp\/v2\/pages\/73\/revisions\/1116"}],"wp:attachment":[{"href":"https:\/\/terryelkins.com\/index.php?rest_route=%2Fwp%2Fv2%2Fmedia&parent=73"}],"curies":[{"name":"wp","href":"https:\/\/api.w.org\/{rel}","templated":true}]}}